{"id":907,"date":"2025-03-10T10:40:26","date_gmt":"2025-03-10T10:40:26","guid":{"rendered":"https:\/\/www.jenniisotoff.fi\/?post_type=product&#038;p=907"},"modified":"2025-03-11T11:46:40","modified_gmt":"2025-03-11T11:46:40","slug":"yosoitto-taideprintti","status":"publish","type":"product","link":"https:\/\/www.jenniisotoff.fi\/index.php\/tuote\/yosoitto-taideprintti\/","title":{"rendered":"Y\u00f6soitto-taideprintti"},"content":{"rendered":"","protected":false},"excerpt":{"rendered":"<p>Juliste on painettu digitaalisesti mattapintaiselle 190 g paperille. Koko on 21\u00d730 ja paspartuurin kanssa mahdollista kehyst\u00e4\u00e4 my\u00f6s 30\u00d740 kehyksiin.<\/p>\n","protected":false},"featured_media":1045,"template":"","meta":[],"product_brand":[],"product_cat":[16],"product_tag":[],"class_list":{"0":"post-907","1":"product","2":"type-product","3":"status-publish","4":"has-post-thumbnail","6":"product_cat-yleinen","8":"first","9":"instock","10":"taxable","11":"shipping-taxable","12":"purchasable","13":"product-type-simple"},"jetpack_sharing_enabled":true,"_links":{"self":[{"href":"https:\/\/www.jenniisotoff.fi\/index.php\/wp-json\/wp\/v2\/product\/907","targetHints":{"allow":["GET"]}}],"collection":[{"href":"https:\/\/www.jenniisotoff.fi\/index.php\/wp-json\/wp\/v2\/product"}],"about":[{"href":"https:\/\/www.jenniisotoff.fi\/index.php\/wp-json\/wp\/v2\/types\/product"}],"wp:featuredmedia":[{"embeddable":true,"href":"https:\/\/www.jenniisotoff.fi\/index.php\/wp-json\/wp\/v2\/media\/1045"}],"wp:attachment":[{"href":"https:\/\/www.jenniisotoff.fi\/index.php\/wp-json\/wp\/v2\/media?parent=907"}],"wp:term":[{"taxonomy":"product_brand","embeddable":true,"href":"https:\/\/www.jenniisotoff.fi\/index.php\/wp-json\/wp\/v2\/product_brand?post=907"},{"taxonomy":"product_cat","embeddable":true,"href":"https:\/\/www.jenniisotoff.fi\/index.php\/wp-json\/wp\/v2\/product_cat?post=907"},{"taxonomy":"product_tag","embeddable":true,"href":"https:\/\/www.jenniisotoff.fi\/index.php\/wp-json\/wp\/v2\/product_tag?post=907"}],"curies":[{"name":"wp","href":"https:\/\/api.w.org\/{rel}","templated":true}]}}