{"id":904,"date":"2025-03-10T10:05:47","date_gmt":"2025-03-10T10:05:47","guid":{"rendered":"https:\/\/www.jenniisotoff.fi\/?post_type=product&#038;p=904"},"modified":"2025-03-10T10:06:21","modified_gmt":"2025-03-10T10:06:21","slug":"iltasoitto-posteri","status":"publish","type":"product","link":"https:\/\/www.jenniisotoff.fi\/index.php\/tuote\/iltasoitto-posteri\/","title":{"rendered":"Iltasoitto-taideprintti"},"content":{"rendered":"","protected":false},"excerpt":{"rendered":"<p>Juliste on painettu digitaalisesti mattapintaiselle 190 g paperille. Koko on 21\u00d730 ja paspartuurin kanssa mahdollista kehyst\u00e4\u00e4 my\u00f6s 30\u00d740 kehyksiin.<\/p>\n","protected":false},"featured_media":0,"template":"","meta":[],"product_brand":[],"product_cat":[16],"product_tag":[],"class_list":{"0":"post-904","1":"product","2":"type-product","3":"status-publish","5":"product_cat-yleinen","7":"first","8":"instock","9":"taxable","10":"shipping-taxable","11":"purchasable","12":"product-type-simple"},"jetpack_sharing_enabled":true,"_links":{"self":[{"href":"https:\/\/www.jenniisotoff.fi\/index.php\/wp-json\/wp\/v2\/product\/904","targetHints":{"allow":["GET"]}}],"collection":[{"href":"https:\/\/www.jenniisotoff.fi\/index.php\/wp-json\/wp\/v2\/product"}],"about":[{"href":"https:\/\/www.jenniisotoff.fi\/index.php\/wp-json\/wp\/v2\/types\/product"}],"wp:attachment":[{"href":"https:\/\/www.jenniisotoff.fi\/index.php\/wp-json\/wp\/v2\/media?parent=904"}],"wp:term":[{"taxonomy":"product_brand","embeddable":true,"href":"https:\/\/www.jenniisotoff.fi\/index.php\/wp-json\/wp\/v2\/product_brand?post=904"},{"taxonomy":"product_cat","embeddable":true,"href":"https:\/\/www.jenniisotoff.fi\/index.php\/wp-json\/wp\/v2\/product_cat?post=904"},{"taxonomy":"product_tag","embeddable":true,"href":"https:\/\/www.jenniisotoff.fi\/index.php\/wp-json\/wp\/v2\/product_tag?post=904"}],"curies":[{"name":"wp","href":"https:\/\/api.w.org\/{rel}","templated":true}]}}