{"id":611,"date":"2023-10-07T10:22:31","date_gmt":"2023-10-07T10:22:31","guid":{"rendered":"https:\/\/www.jenniisotoff.fi\/?post_type=product&#038;p=611"},"modified":"2023-10-16T16:22:38","modified_gmt":"2023-10-16T16:22:38","slug":"unelma-helsinki-tarrat","status":"publish","type":"product","link":"https:\/\/www.jenniisotoff.fi\/index.php\/tuote\/unelma-helsinki-tarrat\/","title":{"rendered":"Unelma &#038; Helsinki-tarrat"},"content":{"rendered":"","protected":false},"excerpt":{"rendered":"<p>Tarra-arkki sis\u00e4lt\u00e4\u00e4 25 kpl tarroja: Ratikka, Olympiastadion, Sibelius-monumentti, Linnanm\u00e4ki ja Designmuseo.<\/p>\n<p>arkin leveys: 15 cm<\/p>\n<p>arkin pituus: 21 cm<\/p>\n","protected":false},"featured_media":613,"template":"","meta":[],"product_brand":[],"product_cat":[16],"product_tag":[],"class_list":{"0":"post-611","1":"product","2":"type-product","3":"status-publish","4":"has-post-thumbnail","6":"product_cat-yleinen","8":"first","9":"instock","10":"taxable","11":"shipping-taxable","12":"purchasable","13":"product-type-simple"},"jetpack_sharing_enabled":true,"_links":{"self":[{"href":"https:\/\/www.jenniisotoff.fi\/index.php\/wp-json\/wp\/v2\/product\/611","targetHints":{"allow":["GET"]}}],"collection":[{"href":"https:\/\/www.jenniisotoff.fi\/index.php\/wp-json\/wp\/v2\/product"}],"about":[{"href":"https:\/\/www.jenniisotoff.fi\/index.php\/wp-json\/wp\/v2\/types\/product"}],"wp:featuredmedia":[{"embeddable":true,"href":"https:\/\/www.jenniisotoff.fi\/index.php\/wp-json\/wp\/v2\/media\/613"}],"wp:attachment":[{"href":"https:\/\/www.jenniisotoff.fi\/index.php\/wp-json\/wp\/v2\/media?parent=611"}],"wp:term":[{"taxonomy":"product_brand","embeddable":true,"href":"https:\/\/www.jenniisotoff.fi\/index.php\/wp-json\/wp\/v2\/product_brand?post=611"},{"taxonomy":"product_cat","embeddable":true,"href":"https:\/\/www.jenniisotoff.fi\/index.php\/wp-json\/wp\/v2\/product_cat?post=611"},{"taxonomy":"product_tag","embeddable":true,"href":"https:\/\/www.jenniisotoff.fi\/index.php\/wp-json\/wp\/v2\/product_tag?post=611"}],"curies":[{"name":"wp","href":"https:\/\/api.w.org\/{rel}","templated":true}]}}