{"id":561,"date":"2023-10-04T11:29:11","date_gmt":"2023-10-04T11:29:11","guid":{"rendered":"https:\/\/www.jenniisotoff.fi\/?post_type=product&#038;p=561"},"modified":"2023-10-16T16:22:39","modified_gmt":"2023-10-16T16:22:39","slug":"linnanmaki-magneetti","status":"publish","type":"product","link":"https:\/\/www.jenniisotoff.fi\/index.php\/tuote\/linnanmaki-magneetti\/","title":{"rendered":"Linnanm\u00e4ki-magneetti"},"content":{"rendered":"","protected":false},"excerpt":{"rendered":"<p style=\"text-align: right;\"><!--more-->kiilt\u00e4v\u00e4pintainen Unelma &amp; Linnanm\u00e4ki-magneetti<\/p>\n<p>pituus: 0,7 cm<\/p>\n<p>korkeus: 8,0 cm<\/p>\n<p>leveys: 5,4 cm<\/p>\n<p>paino: 80 g<\/p>\n","protected":false},"featured_media":569,"template":"","meta":[],"product_brand":[],"product_cat":[16],"product_tag":[],"class_list":{"0":"post-561","1":"product","2":"type-product","3":"status-publish","4":"has-post-thumbnail","6":"product_cat-yleinen","8":"first","9":"instock","10":"taxable","11":"shipping-taxable","12":"purchasable","13":"product-type-simple"},"jetpack_sharing_enabled":true,"_links":{"self":[{"href":"https:\/\/www.jenniisotoff.fi\/index.php\/wp-json\/wp\/v2\/product\/561","targetHints":{"allow":["GET"]}}],"collection":[{"href":"https:\/\/www.jenniisotoff.fi\/index.php\/wp-json\/wp\/v2\/product"}],"about":[{"href":"https:\/\/www.jenniisotoff.fi\/index.php\/wp-json\/wp\/v2\/types\/product"}],"wp:featuredmedia":[{"embeddable":true,"href":"https:\/\/www.jenniisotoff.fi\/index.php\/wp-json\/wp\/v2\/media\/569"}],"wp:attachment":[{"href":"https:\/\/www.jenniisotoff.fi\/index.php\/wp-json\/wp\/v2\/media?parent=561"}],"wp:term":[{"taxonomy":"product_brand","embeddable":true,"href":"https:\/\/www.jenniisotoff.fi\/index.php\/wp-json\/wp\/v2\/product_brand?post=561"},{"taxonomy":"product_cat","embeddable":true,"href":"https:\/\/www.jenniisotoff.fi\/index.php\/wp-json\/wp\/v2\/product_cat?post=561"},{"taxonomy":"product_tag","embeddable":true,"href":"https:\/\/www.jenniisotoff.fi\/index.php\/wp-json\/wp\/v2\/product_tag?post=561"}],"curies":[{"name":"wp","href":"https:\/\/api.w.org\/{rel}","templated":true}]}}