{"id":337,"date":"2023-07-26T11:55:25","date_gmt":"2023-07-26T11:55:25","guid":{"rendered":"https:\/\/www.jenniisotoff.fi\/?post_type=product&#038;p=337"},"modified":"2025-11-27T09:36:21","modified_gmt":"2025-11-27T09:36:21","slug":"unelma-linnanmaki","status":"publish","type":"product","link":"https:\/\/www.jenniisotoff.fi\/index.php\/tuote\/unelma-linnanmaki\/","title":{"rendered":"Unelma &#038; Linnanm\u00e4ki-taideprintti"},"content":{"rendered":"","protected":false},"excerpt":{"rendered":"<p><span style=\"font-weight: 400;\">Juliste on painettu digitaalisesti mattapintaiselle 190 g paperille. Koko on 21&#215;30 ja paspartuurin kanssa mahdollista kehyst\u00e4\u00e4 my\u00f6s 30&#215;40 kehyksiin.<\/span><\/p>\n","protected":false},"featured_media":301,"template":"","meta":[],"product_brand":[],"product_cat":[16],"product_tag":[],"class_list":{"0":"post-337","1":"product","2":"type-product","3":"status-publish","4":"has-post-thumbnail","6":"product_cat-yleinen","7":"product_shipping_class-posti","9":"first","10":"instock","11":"taxable","12":"shipping-taxable","13":"purchasable","14":"product-type-simple"},"jetpack_sharing_enabled":true,"_links":{"self":[{"href":"https:\/\/www.jenniisotoff.fi\/index.php\/wp-json\/wp\/v2\/product\/337","targetHints":{"allow":["GET"]}}],"collection":[{"href":"https:\/\/www.jenniisotoff.fi\/index.php\/wp-json\/wp\/v2\/product"}],"about":[{"href":"https:\/\/www.jenniisotoff.fi\/index.php\/wp-json\/wp\/v2\/types\/product"}],"wp:featuredmedia":[{"embeddable":true,"href":"https:\/\/www.jenniisotoff.fi\/index.php\/wp-json\/wp\/v2\/media\/301"}],"wp:attachment":[{"href":"https:\/\/www.jenniisotoff.fi\/index.php\/wp-json\/wp\/v2\/media?parent=337"}],"wp:term":[{"taxonomy":"product_brand","embeddable":true,"href":"https:\/\/www.jenniisotoff.fi\/index.php\/wp-json\/wp\/v2\/product_brand?post=337"},{"taxonomy":"product_cat","embeddable":true,"href":"https:\/\/www.jenniisotoff.fi\/index.php\/wp-json\/wp\/v2\/product_cat?post=337"},{"taxonomy":"product_tag","embeddable":true,"href":"https:\/\/www.jenniisotoff.fi\/index.php\/wp-json\/wp\/v2\/product_tag?post=337"}],"curies":[{"name":"wp","href":"https:\/\/api.w.org\/{rel}","templated":true}]}}