{"id":332,"date":"2023-07-26T11:48:55","date_gmt":"2023-07-26T11:48:55","guid":{"rendered":"https:\/\/www.jenniisotoff.fi\/?post_type=product&#038;p=332"},"modified":"2025-03-10T10:35:00","modified_gmt":"2025-03-10T10:35:00","slug":"unelma-kiasma","status":"publish","type":"product","link":"https:\/\/www.jenniisotoff.fi\/index.php\/tuote\/unelma-kiasma\/","title":{"rendered":"Unelma &#038; Kiasma-taideprintti"},"content":{"rendered":"","protected":false},"excerpt":{"rendered":"<p><span style=\"font-weight: 400;\">Juliste on painettu digitaalisesti mattapintaiselle 190 g paperille. Koko on 21&#215;30 ja paspartuurin kanssa mahdollista kehyst\u00e4\u00e4 my\u00f6s 30&#215;40 kehyksiin.<\/span><\/p>\n","protected":false},"featured_media":251,"template":"","meta":[],"product_brand":[],"product_cat":[16],"product_tag":[],"class_list":{"0":"post-332","1":"product","2":"type-product","3":"status-publish","4":"has-post-thumbnail","6":"product_cat-yleinen","7":"product_shipping_class-posti","9":"first","10":"instock","11":"taxable","12":"shipping-taxable","13":"purchasable","14":"product-type-simple"},"jetpack_sharing_enabled":true,"_links":{"self":[{"href":"https:\/\/www.jenniisotoff.fi\/index.php\/wp-json\/wp\/v2\/product\/332","targetHints":{"allow":["GET"]}}],"collection":[{"href":"https:\/\/www.jenniisotoff.fi\/index.php\/wp-json\/wp\/v2\/product"}],"about":[{"href":"https:\/\/www.jenniisotoff.fi\/index.php\/wp-json\/wp\/v2\/types\/product"}],"wp:featuredmedia":[{"embeddable":true,"href":"https:\/\/www.jenniisotoff.fi\/index.php\/wp-json\/wp\/v2\/media\/251"}],"wp:attachment":[{"href":"https:\/\/www.jenniisotoff.fi\/index.php\/wp-json\/wp\/v2\/media?parent=332"}],"wp:term":[{"taxonomy":"product_brand","embeddable":true,"href":"https:\/\/www.jenniisotoff.fi\/index.php\/wp-json\/wp\/v2\/product_brand?post=332"},{"taxonomy":"product_cat","embeddable":true,"href":"https:\/\/www.jenniisotoff.fi\/index.php\/wp-json\/wp\/v2\/product_cat?post=332"},{"taxonomy":"product_tag","embeddable":true,"href":"https:\/\/www.jenniisotoff.fi\/index.php\/wp-json\/wp\/v2\/product_tag?post=332"}],"curies":[{"name":"wp","href":"https:\/\/api.w.org\/{rel}","templated":true}]}}