{"id":125,"date":"2023-06-28T17:23:01","date_gmt":"2023-06-28T17:23:01","guid":{"rendered":"https:\/\/www.jenniisotoff.fi\/?post_type=product&#038;p=125"},"modified":"2023-12-11T10:56:06","modified_gmt":"2023-12-11T10:56:06","slug":"muistipeli","status":"publish","type":"product","link":"https:\/\/www.jenniisotoff.fi\/index.php\/tuote\/muistipeli\/","title":{"rendered":"MUISTIPELI"},"content":{"rendered":"","protected":false},"excerpt":{"rendered":"<p>Muistipeli<br \/>\nUnelma M\u00e4ykkynen &amp; Helsinki-aiheisilla kuvituksilla.<br \/>\nSis\u00e4lt\u00e4\u00e4 48 korttia ja infolehtisen.<br \/>\nPituus: 6,7 cm<br \/>\nKorkeus: 6,7 cm<br \/>\nLeveys: 6,7 cm<br \/>\nPaino: 175 g<\/p>\n","protected":false},"featured_media":702,"template":"","meta":[],"product_brand":[],"product_cat":[16],"product_tag":[],"class_list":{"0":"post-125","1":"product","2":"type-product","3":"status-publish","4":"has-post-thumbnail","6":"product_cat-yleinen","7":"product_shipping_class-posti","9":"first","10":"instock","11":"taxable","12":"shipping-taxable","13":"purchasable","14":"product-type-simple"},"jetpack_sharing_enabled":true,"_links":{"self":[{"href":"https:\/\/www.jenniisotoff.fi\/index.php\/wp-json\/wp\/v2\/product\/125","targetHints":{"allow":["GET"]}}],"collection":[{"href":"https:\/\/www.jenniisotoff.fi\/index.php\/wp-json\/wp\/v2\/product"}],"about":[{"href":"https:\/\/www.jenniisotoff.fi\/index.php\/wp-json\/wp\/v2\/types\/product"}],"wp:featuredmedia":[{"embeddable":true,"href":"https:\/\/www.jenniisotoff.fi\/index.php\/wp-json\/wp\/v2\/media\/702"}],"wp:attachment":[{"href":"https:\/\/www.jenniisotoff.fi\/index.php\/wp-json\/wp\/v2\/media?parent=125"}],"wp:term":[{"taxonomy":"product_brand","embeddable":true,"href":"https:\/\/www.jenniisotoff.fi\/index.php\/wp-json\/wp\/v2\/product_brand?post=125"},{"taxonomy":"product_cat","embeddable":true,"href":"https:\/\/www.jenniisotoff.fi\/index.php\/wp-json\/wp\/v2\/product_cat?post=125"},{"taxonomy":"product_tag","embeddable":true,"href":"https:\/\/www.jenniisotoff.fi\/index.php\/wp-json\/wp\/v2\/product_tag?post=125"}],"curies":[{"name":"wp","href":"https:\/\/api.w.org\/{rel}","templated":true}]}}