{"id":112,"date":"2023-05-31T11:31:11","date_gmt":"2023-05-31T11:31:11","guid":{"rendered":"https:\/\/www.jenniisotoff.fi\/?post_type=product&#038;p=112"},"modified":"2024-09-10T11:40:33","modified_gmt":"2024-09-10T11:40:33","slug":"dreamy-helsinki","status":"publish","type":"product","link":"https:\/\/www.jenniisotoff.fi\/index.php\/tuote\/dreamy-helsinki\/","title":{"rendered":"DREAMY &#038; HELSINKI"},"content":{"rendered":"","protected":false},"excerpt":{"rendered":"<h1><b>Dreamy &amp; Helsinki<\/b><\/h1>\n<p><i>Charming Dreamy the Dachshund shows you her favorite sights in Helsinki. During the adventure you can learn interesting facts about city&#8217;s buildings and sights. Hop on the tram and your Helsinki experience can begin!<\/i><\/p>\n<p><span style=\"font-weight: 400;\">Tekij\u00e4: Jenni Isotoff<\/span><br \/>\n<span style=\"font-weight: 400;\">Sivum\u00e4\u00e4r\u00e4:32<\/span><\/p>\n<p><span style=\"font-weight: 400;\">ISBN: 9789527185193<br \/>\n<\/span><span style=\"font-weight: 400;\">Tuoteformaatti: Kovakantinen kirja<\/span><span style=\"font-weight: 400;\"><br \/>\n<\/span><span style=\"font-weight: 400;\">Kirjan kieli: englanti<\/span><span style=\"font-weight: 400;\"><br \/>\n<\/span><span style=\"font-weight: 400;\">Julkaisuvuosi: 2019<\/span><\/p>\n<p><span style=\"font-weight: 400;\">lis\u00e4tiedot:<\/span><\/p>\n<p><span style=\"font-weight: 400;\">Pituus: 9 mm<\/span><\/p>\n<p><span style=\"font-weight: 400;\">Korkeus: 217 mm<\/span><\/p>\n<p><span style=\"font-weight: 400;\">Leveys: 306 mm<\/span><\/p>\n<p><span style=\"font-weight: 400;\">Paino: 447 g<\/span><br \/>\n&#8217;&#8221;&gt;<\/p>\n","protected":false},"featured_media":113,"template":"","meta":[],"product_brand":[],"product_cat":[16],"product_tag":[],"class_list":{"0":"post-112","1":"product","2":"type-product","3":"status-publish","4":"has-post-thumbnail","6":"product_cat-yleinen","7":"product_shipping_class-posti","9":"first","10":"instock","11":"taxable","12":"shipping-taxable","13":"purchasable","14":"product-type-simple"},"jetpack_sharing_enabled":true,"_links":{"self":[{"href":"https:\/\/www.jenniisotoff.fi\/index.php\/wp-json\/wp\/v2\/product\/112","targetHints":{"allow":["GET"]}}],"collection":[{"href":"https:\/\/www.jenniisotoff.fi\/index.php\/wp-json\/wp\/v2\/product"}],"about":[{"href":"https:\/\/www.jenniisotoff.fi\/index.php\/wp-json\/wp\/v2\/types\/product"}],"wp:featuredmedia":[{"embeddable":true,"href":"https:\/\/www.jenniisotoff.fi\/index.php\/wp-json\/wp\/v2\/media\/113"}],"wp:attachment":[{"href":"https:\/\/www.jenniisotoff.fi\/index.php\/wp-json\/wp\/v2\/media?parent=112"}],"wp:term":[{"taxonomy":"product_brand","embeddable":true,"href":"https:\/\/www.jenniisotoff.fi\/index.php\/wp-json\/wp\/v2\/product_brand?post=112"},{"taxonomy":"product_cat","embeddable":true,"href":"https:\/\/www.jenniisotoff.fi\/index.php\/wp-json\/wp\/v2\/product_cat?post=112"},{"taxonomy":"product_tag","embeddable":true,"href":"https:\/\/www.jenniisotoff.fi\/index.php\/wp-json\/wp\/v2\/product_tag?post=112"}],"curies":[{"name":"wp","href":"https:\/\/api.w.org\/{rel}","templated":true}]}}