{"id":107,"date":"2023-05-31T11:29:09","date_gmt":"2023-05-31T11:29:09","guid":{"rendered":"https:\/\/www.jenniisotoff.fi\/?post_type=product&#038;p=107"},"modified":"2025-03-10T10:26:45","modified_gmt":"2025-03-10T10:26:45","slug":"kukan-unelma","status":"publish","type":"product","link":"https:\/\/www.jenniisotoff.fi\/index.php\/tuote\/kukan-unelma\/","title":{"rendered":"KUKAN UNELMA"},"content":{"rendered":"","protected":false},"excerpt":{"rendered":"<h1><b>Kukan unelma<\/b><\/h1>\n<p><i><span style=\"font-weight: 400;\">Unelma M\u00e4ykkynen ja h\u00e4nen yst\u00e4v\u00e4ns\u00e4 istuttavat yhdess\u00e4 siemenen ja ottavat teht\u00e4v\u00e4kseen hoitaa siit\u00e4 kasvavaa Kukkaa rakkaudella. Kukin yst\u00e4vyksist\u00e4 viihdytt\u00e4\u00e4 Kukkaa omilla lempipuuhillaan, ja Kukka n\u00e4ytt\u00e4\u00e4kin kasvavan aina n\u00e4iden yhteisten hetkien yhteydess\u00e4.<\/span><\/i><\/p>\n<p><i><span style=\"font-weight: 400;\">Miksi Kukan kasvu kuitenkin pys\u00e4htyy iltaisin? Ent\u00e4 mik\u00e4 saisi Kukan avaamaan nuppunsa?<\/span><\/i><\/p>\n<p><span style=\"font-weight: 400;\">Tekij\u00e4: Jenni Isotoff<\/span><span style=\"font-weight: 400;\"><br \/>\n<\/span><span style=\"font-weight: 400;\">Sivum\u00e4\u00e4r\u00e4: 32<\/span><span style=\"font-weight: 400;\"><br \/>\n<\/span><span style=\"font-weight: 400;\">ISBN: 9789527185223<\/span><span style=\"font-weight: 400;\"><br \/>\n<\/span><span style=\"font-weight: 400;\">Tuoteformaatti: Kovakantinen kirja<\/span><span style=\"font-weight: 400;\"><br \/>\n<\/span><span style=\"font-weight: 400;\">Kirjan kieli: suomi<\/span><span style=\"font-weight: 400;\"><br \/>\n<\/span><span style=\"font-weight: 400;\">Julkaisuvuosi: 2019<\/span><\/p>\n<p><span style=\"font-weight: 400;\">lis\u00e4tiedot:<\/span><\/p>\n<p><span style=\"font-weight: 400;\">Pituus: 9 mm<\/span><\/p>\n<p><span style=\"font-weight: 400;\">Korkeus: 211 mm<\/span><\/p>\n<p><span style=\"font-weight: 400;\">Leveys: 296 mm<\/span><\/p>\n<p><span style=\"font-weight: 400;\">Paino: 420 g<\/span><\/p>\n","protected":false},"featured_media":108,"template":"","meta":[],"product_brand":[],"product_cat":[16],"product_tag":[],"class_list":{"0":"post-107","1":"product","2":"type-product","3":"status-publish","4":"has-post-thumbnail","6":"product_cat-yleinen","7":"product_shipping_class-posti","9":"first","10":"instock","11":"taxable","12":"shipping-taxable","13":"purchasable","14":"product-type-simple"},"jetpack_sharing_enabled":true,"_links":{"self":[{"href":"https:\/\/www.jenniisotoff.fi\/index.php\/wp-json\/wp\/v2\/product\/107","targetHints":{"allow":["GET"]}}],"collection":[{"href":"https:\/\/www.jenniisotoff.fi\/index.php\/wp-json\/wp\/v2\/product"}],"about":[{"href":"https:\/\/www.jenniisotoff.fi\/index.php\/wp-json\/wp\/v2\/types\/product"}],"wp:featuredmedia":[{"embeddable":true,"href":"https:\/\/www.jenniisotoff.fi\/index.php\/wp-json\/wp\/v2\/media\/108"}],"wp:attachment":[{"href":"https:\/\/www.jenniisotoff.fi\/index.php\/wp-json\/wp\/v2\/media?parent=107"}],"wp:term":[{"taxonomy":"product_brand","embeddable":true,"href":"https:\/\/www.jenniisotoff.fi\/index.php\/wp-json\/wp\/v2\/product_brand?post=107"},{"taxonomy":"product_cat","embeddable":true,"href":"https:\/\/www.jenniisotoff.fi\/index.php\/wp-json\/wp\/v2\/product_cat?post=107"},{"taxonomy":"product_tag","embeddable":true,"href":"https:\/\/www.jenniisotoff.fi\/index.php\/wp-json\/wp\/v2\/product_tag?post=107"}],"curies":[{"name":"wp","href":"https:\/\/api.w.org\/{rel}","templated":true}]}}