{"id":1038,"date":"2025-03-11T11:23:39","date_gmt":"2025-03-11T11:23:39","guid":{"rendered":"https:\/\/www.jenniisotoff.fi\/?post_type=product&#038;p=1038"},"modified":"2025-03-11T11:25:24","modified_gmt":"2025-03-11T11:25:24","slug":"varileikkeja-i-giclee-vedos","status":"publish","type":"product","link":"https:\/\/www.jenniisotoff.fi\/index.php\/tuote\/varileikkeja-i-giclee-vedos\/","title":{"rendered":"V\u00e4rileikkej\u00e4 I-Gicl\u00e9e-vedos"},"content":{"rendered":"","protected":false},"excerpt":{"rendered":"<p>koko: 21\u00d730 cm<\/p>\n<p>Gicl\u00e9e-vedos on painettu ymp\u00e4rist\u00f6yst\u00e4v\u00e4lliselle Hahnem\u00fcle paperille (puuvilla ja hamppu) ja se s\u00e4ilytt\u00e4\u00e4 normaalioloissa intensiiviset ja vaikuttavat v\u00e4rit sek\u00e4 yksityiskohdat jopa 100 vuotta.<\/p>\n","protected":false},"featured_media":1039,"template":"","meta":[],"product_brand":[],"product_cat":[16],"product_tag":[],"class_list":{"0":"post-1038","1":"product","2":"type-product","3":"status-publish","4":"has-post-thumbnail","6":"product_cat-yleinen","8":"first","9":"instock","10":"taxable","11":"shipping-taxable","12":"purchasable","13":"product-type-simple"},"jetpack_sharing_enabled":true,"_links":{"self":[{"href":"https:\/\/www.jenniisotoff.fi\/index.php\/wp-json\/wp\/v2\/product\/1038","targetHints":{"allow":["GET"]}}],"collection":[{"href":"https:\/\/www.jenniisotoff.fi\/index.php\/wp-json\/wp\/v2\/product"}],"about":[{"href":"https:\/\/www.jenniisotoff.fi\/index.php\/wp-json\/wp\/v2\/types\/product"}],"wp:featuredmedia":[{"embeddable":true,"href":"https:\/\/www.jenniisotoff.fi\/index.php\/wp-json\/wp\/v2\/media\/1039"}],"wp:attachment":[{"href":"https:\/\/www.jenniisotoff.fi\/index.php\/wp-json\/wp\/v2\/media?parent=1038"}],"wp:term":[{"taxonomy":"product_brand","embeddable":true,"href":"https:\/\/www.jenniisotoff.fi\/index.php\/wp-json\/wp\/v2\/product_brand?post=1038"},{"taxonomy":"product_cat","embeddable":true,"href":"https:\/\/www.jenniisotoff.fi\/index.php\/wp-json\/wp\/v2\/product_cat?post=1038"},{"taxonomy":"product_tag","embeddable":true,"href":"https:\/\/www.jenniisotoff.fi\/index.php\/wp-json\/wp\/v2\/product_tag?post=1038"}],"curies":[{"name":"wp","href":"https:\/\/api.w.org\/{rel}","templated":true}]}}