{"id":1032,"date":"2025-03-11T11:14:55","date_gmt":"2025-03-11T11:14:55","guid":{"rendered":"https:\/\/www.jenniisotoff.fi\/?post_type=product&#038;p=1032"},"modified":"2025-03-11T11:19:07","modified_gmt":"2025-03-11T11:19:07","slug":"iltasoitto-giclee-vedos","status":"publish","type":"product","link":"https:\/\/www.jenniisotoff.fi\/index.php\/tuote\/iltasoitto-giclee-vedos\/","title":{"rendered":"Iltasoitto-Gicl\u00e9e-vedos"},"content":{"rendered":"","protected":false},"excerpt":{"rendered":"<p>koko: 21&#215;30 cm<\/p>\n<p>Gicl\u00e9e-vedos on painettu ymp\u00e4rist\u00f6yst\u00e4v\u00e4lliselle Hahnem\u00fcle paperille (puuvilla ja hamppu) ja se s\u00e4ilytt\u00e4\u00e4 normaalioloissa intensiiviset ja vaikuttavat v\u00e4rit sek\u00e4 yksityiskohdat jopa 100 vuotta.<\/p>\n","protected":false},"featured_media":0,"template":"","meta":[],"product_brand":[],"product_cat":[16],"product_tag":[],"class_list":{"0":"post-1032","1":"product","2":"type-product","3":"status-publish","5":"product_cat-yleinen","7":"first","8":"instock","9":"taxable","10":"shipping-taxable","11":"purchasable","12":"product-type-simple"},"jetpack_sharing_enabled":true,"_links":{"self":[{"href":"https:\/\/www.jenniisotoff.fi\/index.php\/wp-json\/wp\/v2\/product\/1032","targetHints":{"allow":["GET"]}}],"collection":[{"href":"https:\/\/www.jenniisotoff.fi\/index.php\/wp-json\/wp\/v2\/product"}],"about":[{"href":"https:\/\/www.jenniisotoff.fi\/index.php\/wp-json\/wp\/v2\/types\/product"}],"wp:attachment":[{"href":"https:\/\/www.jenniisotoff.fi\/index.php\/wp-json\/wp\/v2\/media?parent=1032"}],"wp:term":[{"taxonomy":"product_brand","embeddable":true,"href":"https:\/\/www.jenniisotoff.fi\/index.php\/wp-json\/wp\/v2\/product_brand?post=1032"},{"taxonomy":"product_cat","embeddable":true,"href":"https:\/\/www.jenniisotoff.fi\/index.php\/wp-json\/wp\/v2\/product_cat?post=1032"},{"taxonomy":"product_tag","embeddable":true,"href":"https:\/\/www.jenniisotoff.fi\/index.php\/wp-json\/wp\/v2\/product_tag?post=1032"}],"curies":[{"name":"wp","href":"https:\/\/api.w.org\/{rel}","templated":true}]}}