{"id":5,"date":"2023-05-31T09:01:48","date_gmt":"2023-05-31T09:01:48","guid":{"rendered":"https:\/\/www.jenniisotoff.fi\/?page_id=5"},"modified":"2023-10-16T16:13:06","modified_gmt":"2023-10-16T16:13:06","slug":"etusivu","status":"publish","type":"page","link":"https:\/\/www.jenniisotoff.fi\/","title":{"rendered":"ETUSIVU"},"content":{"rendered":"\t\t<div data-elementor-type=\"wp-page\" data-elementor-id=\"5\" class=\"elementor elementor-5\">\n\t\t\t\t\t\t<section class=\"elementor-section elementor-top-section elementor-element elementor-element-208d134 elementor-section-height-min-height elementor-section-boxed elementor-section-height-default elementor-section-items-middle\" data-id=\"208d134\" data-element_type=\"section\" data-e-type=\"section\" data-settings=\"{&quot;background_background&quot;:&quot;slideshow&quot;,&quot;background_slideshow_gallery&quot;:[{&quot;id&quot;:29,&quot;url&quot;:&quot;https:\\\/\\\/www.jenniisotoff.fi\\\/wp-content\\\/uploads\\\/2023\\\/05\\\/Varikeikkeja-I-scaled-e1685524710317.jpg&quot;}],&quot;background_slideshow_loop&quot;:&quot;yes&quot;,&quot;background_slideshow_slide_duration&quot;:5000,&quot;background_slideshow_slide_transition&quot;:&quot;fade&quot;,&quot;background_slideshow_transition_duration&quot;:500}\">\n\t\t\t\t\t\t<div class=\"elementor-container elementor-column-gap-default\">\n\t\t\t\t\t<div class=\"elementor-column elementor-col-100 elementor-top-column elementor-element elementor-element-77cc55f\" data-id=\"77cc55f\" data-element_type=\"column\" data-e-type=\"column\">\n\t\t\t<div class=\"elementor-widget-wrap\">\n\t\t\t\t\t\t\t<\/div>\n\t\t<\/div>\n\t\t\t\t\t<\/div>\n\t\t<\/section>\n\t\t\t\t<section class=\"elementor-section elementor-top-section elementor-element elementor-element-fe1cbce elementor-section-content-middle elementor-section-boxed elementor-section-height-default elementor-section-height-default\" data-id=\"fe1cbce\" data-element_type=\"section\" data-e-type=\"section\">\n\t\t\t\t\t\t<div class=\"elementor-container elementor-column-gap-default\">\n\t\t\t\t\t<div class=\"elementor-column elementor-col-50 elementor-top-column elementor-element elementor-element-99b3507\" data-id=\"99b3507\" data-element_type=\"column\" data-e-type=\"column\">\n\t\t\t<div class=\"elementor-widget-wrap elementor-element-populated\">\n\t\t\t\t\t\t<div class=\"elementor-element elementor-element-dd9c50b elementor-widget elementor-widget-image\" data-id=\"dd9c50b\" data-element_type=\"widget\" data-e-type=\"widget\" data-widget_type=\"image.default\">\n\t\t\t\t<div class=\"elementor-widget-container\">\n\t\t\t\t\t\t\t\t\t\t\t\t\t\t\t<img fetchpriority=\"high\" decoding=\"async\" width=\"576\" height=\"1024\" src=\"https:\/\/www.jenniisotoff.fi\/wp-content\/uploads\/2023\/07\/WhatsApp-Image-2023-06-01-at-15.00.56-576x1024.jpeg\" class=\"attachment-large size-large wp-image-238\" alt=\"\" srcset=\"https:\/\/www.jenniisotoff.fi\/wp-content\/uploads\/2023\/07\/WhatsApp-Image-2023-06-01-at-15.00.56-576x1024.jpeg 576w, https:\/\/www.jenniisotoff.fi\/wp-content\/uploads\/2023\/07\/WhatsApp-Image-2023-06-01-at-15.00.56-169x300.jpeg 169w, https:\/\/www.jenniisotoff.fi\/wp-content\/uploads\/2023\/07\/WhatsApp-Image-2023-06-01-at-15.00.56-768x1365.jpeg 768w, https:\/\/www.jenniisotoff.fi\/wp-content\/uploads\/2023\/07\/WhatsApp-Image-2023-06-01-at-15.00.56-864x1536.jpeg 864w, https:\/\/www.jenniisotoff.fi\/wp-content\/uploads\/2023\/07\/WhatsApp-Image-2023-06-01-at-15.00.56-600x1067.jpeg 600w, https:\/\/www.jenniisotoff.fi\/wp-content\/uploads\/2023\/07\/WhatsApp-Image-2023-06-01-at-15.00.56.jpeg 900w\" sizes=\"(max-width: 576px) 100vw, 576px\" \/>\t\t\t\t\t\t\t\t\t\t\t\t\t\t\t<\/div>\n\t\t\t\t<\/div>\n\t\t\t\t\t<\/div>\n\t\t<\/div>\n\t\t\t\t<div class=\"elementor-column elementor-col-50 elementor-top-column elementor-element elementor-element-c126376\" data-id=\"c126376\" data-element_type=\"column\" data-e-type=\"column\">\n\t\t\t<div class=\"elementor-widget-wrap elementor-element-populated\">\n\t\t\t\t\t\t<div class=\"elementor-element elementor-element-d367da3 elementor-widget elementor-widget-text-editor\" data-id=\"d367da3\" data-element_type=\"widget\" data-e-type=\"widget\" data-widget_type=\"text-editor.default\">\n\t\t\t\t<div class=\"elementor-widget-container\">\n\t\t\t\t\t\t\t\t\t<p>HEI SINULLE!<\/p><p>OLEN JENNI JA INSPIROIDUN V\u00c4REIST\u00c4 JA YMP\u00c4RIST\u00d6ST\u00c4. KUVITUSTYYLINI ON LEIKKIS\u00c4\u00c4 JA V\u00c4RIKYLL\u00c4IST\u00c4.<\/p><p>KIRJOITAN SEK\u00c4 KUVITAN LASTENKIRJOJA JA T\u00c4M\u00c4 ANTAA MAHDOLLISUUDEN SUKELTAA TODELLISUUDEN LEIKKISEMM\u00c4LLE PUOLELLE.<\/p><p>OLEN VALMISTUNUT KUVATAITEILIJAKSI JA RATKAISUKESKEISEKSI TAIDETERAPEUTIKSI &#8211; JA JOKA P\u00c4IV\u00c4 PYRIN L\u00d6YT\u00c4M\u00c4\u00c4N JOTAIN UUTTA, JOKA SYK\u00c4HDYTT\u00c4\u00c4.<\/p><p>INSPIROIDU SIVUILLANI JA OLLAAN YHTEYDESS\u00c4!<\/p>\t\t\t\t\t\t\t\t<\/div>\n\t\t\t\t<\/div>\n\t\t\t\t\t<\/div>\n\t\t<\/div>\n\t\t\t\t\t<\/div>\n\t\t<\/section>\n\t\t\t\t<section class=\"elementor-section elementor-top-section elementor-element elementor-element-5a6711e elementor-section-boxed elementor-section-height-default elementor-section-height-default\" data-id=\"5a6711e\" data-element_type=\"section\" data-e-type=\"section\">\n\t\t\t\t\t\t<div class=\"elementor-container elementor-column-gap-default\">\n\t\t\t\t\t<div class=\"elementor-column elementor-col-100 elementor-top-column elementor-element elementor-element-259adc6\" data-id=\"259adc6\" data-element_type=\"column\" data-e-type=\"column\">\n\t\t\t<div class=\"elementor-widget-wrap elementor-element-populated\">\n\t\t\t\t\t\t<div class=\"elementor-element elementor-element-6420f82 elementor-widget elementor-widget-spacer\" data-id=\"6420f82\" data-element_type=\"widget\" data-e-type=\"widget\" data-widget_type=\"spacer.default\">\n\t\t\t\t<div class=\"elementor-widget-container\">\n\t\t\t\t\t\t\t<div class=\"elementor-spacer\">\n\t\t\t<div class=\"elementor-spacer-inner\"><\/div>\n\t\t<\/div>\n\t\t\t\t\t\t<\/div>\n\t\t\t\t<\/div>\n\t\t\t\t\t<\/div>\n\t\t<\/div>\n\t\t\t\t\t<\/div>\n\t\t<\/section>\n\t\t\t\t<section class=\"elementor-section elementor-top-section elementor-element elementor-element-757079f elementor-section-content-bottom elementor-section-boxed elementor-section-height-default elementor-section-height-default\" data-id=\"757079f\" data-element_type=\"section\" data-e-type=\"section\">\n\t\t\t\t\t\t<div class=\"elementor-container elementor-column-gap-default\">\n\t\t\t\t\t<div class=\"elementor-column elementor-col-25 elementor-top-column elementor-element elementor-element-29db4fa\" data-id=\"29db4fa\" data-element_type=\"column\" data-e-type=\"column\">\n\t\t\t<div class=\"elementor-widget-wrap elementor-element-populated\">\n\t\t\t\t\t\t<div class=\"elementor-element elementor-element-acbeb72 elementor-widget elementor-widget-image\" data-id=\"acbeb72\" data-element_type=\"widget\" data-e-type=\"widget\" data-widget_type=\"image.default\">\n\t\t\t\t<div class=\"elementor-widget-container\">\n\t\t\t\t\t\t\t\t\t\t\t\t\t\t\t\t<a href=\"https:\/\/www.jenniisotoff.fi\/index.php\/kirjat-books\/\">\n\t\t\t\t\t\t\t<img decoding=\"async\" width=\"750\" height=\"570\" src=\"https:\/\/www.jenniisotoff.fi\/wp-content\/uploads\/2023\/05\/Unelma-Helsinki.jpg\" class=\"attachment-large size-large wp-image-54\" alt=\"\" srcset=\"https:\/\/www.jenniisotoff.fi\/wp-content\/uploads\/2023\/05\/Unelma-Helsinki.jpg 750w, https:\/\/www.jenniisotoff.fi\/wp-content\/uploads\/2023\/05\/Unelma-Helsinki-300x228.jpg 300w\" sizes=\"(max-width: 750px) 100vw, 750px\" \/>\t\t\t\t\t\t\t\t<\/a>\n\t\t\t\t\t\t\t\t\t\t\t\t\t\t\t<\/div>\n\t\t\t\t<\/div>\n\t\t\t\t<div class=\"elementor-element elementor-element-7955c68 elementor-align-center elementor-widget elementor-widget-button\" data-id=\"7955c68\" data-element_type=\"widget\" data-e-type=\"widget\" data-widget_type=\"button.default\">\n\t\t\t\t<div class=\"elementor-widget-container\">\n\t\t\t\t\t\t\t\t\t<div class=\"elementor-button-wrapper\">\n\t\t\t\t\t<a class=\"elementor-button elementor-button-link elementor-size-sm\" href=\"https:\/\/www.jenniisotoff.fi\/index.php\/kirjat-books\/\">\n\t\t\t\t\t\t<span class=\"elementor-button-content-wrapper\">\n\t\t\t\t\t\t\t\t\t<span class=\"elementor-button-text\">KIRJAT<\/span>\n\t\t\t\t\t<\/span>\n\t\t\t\t\t<\/a>\n\t\t\t\t<\/div>\n\t\t\t\t\t\t\t\t<\/div>\n\t\t\t\t<\/div>\n\t\t\t\t\t<\/div>\n\t\t<\/div>\n\t\t\t\t<div class=\"elementor-column elementor-col-25 elementor-top-column elementor-element elementor-element-9aafbe8\" data-id=\"9aafbe8\" data-element_type=\"column\" data-e-type=\"column\">\n\t\t\t<div class=\"elementor-widget-wrap elementor-element-populated\">\n\t\t\t\t\t\t<div class=\"elementor-element elementor-element-630d1bd elementor-widget elementor-widget-image\" data-id=\"630d1bd\" data-element_type=\"widget\" data-e-type=\"widget\" data-widget_type=\"image.default\">\n\t\t\t\t<div class=\"elementor-widget-container\">\n\t\t\t\t\t\t\t\t\t\t\t\t\t\t\t\t<a href=\"https:\/\/www.jenniisotoff.fi\/index.php\/julisteet-posters\/\">\n\t\t\t\t\t\t\t<img decoding=\"async\" width=\"800\" height=\"563\" src=\"https:\/\/www.jenniisotoff.fi\/wp-content\/uploads\/2023\/05\/Varileikkeja-IV-1024x721.jpg\" class=\"attachment-large size-large wp-image-59\" alt=\"\" srcset=\"https:\/\/www.jenniisotoff.fi\/wp-content\/uploads\/2023\/05\/Varileikkeja-IV-1024x721.jpg 1024w, https:\/\/www.jenniisotoff.fi\/wp-content\/uploads\/2023\/05\/Varileikkeja-IV-300x211.jpg 300w, https:\/\/www.jenniisotoff.fi\/wp-content\/uploads\/2023\/05\/Varileikkeja-IV-768x541.jpg 768w, https:\/\/www.jenniisotoff.fi\/wp-content\/uploads\/2023\/05\/Varileikkeja-IV-1536x1081.jpg 1536w, https:\/\/www.jenniisotoff.fi\/wp-content\/uploads\/2023\/05\/Varileikkeja-IV-2048x1442.jpg 2048w\" sizes=\"(max-width: 800px) 100vw, 800px\" \/>\t\t\t\t\t\t\t\t<\/a>\n\t\t\t\t\t\t\t\t\t\t\t\t\t\t\t<\/div>\n\t\t\t\t<\/div>\n\t\t\t\t<div class=\"elementor-element elementor-element-d0e3209 elementor-align-center elementor-widget elementor-widget-button\" data-id=\"d0e3209\" data-element_type=\"widget\" data-e-type=\"widget\" data-widget_type=\"button.default\">\n\t\t\t\t<div class=\"elementor-widget-container\">\n\t\t\t\t\t\t\t\t\t<div class=\"elementor-button-wrapper\">\n\t\t\t\t\t<a class=\"elementor-button elementor-button-link elementor-size-sm\" href=\"https:\/\/www.jenniisotoff.fi\/index.php\/julisteet-posters\/\">\n\t\t\t\t\t\t<span class=\"elementor-button-content-wrapper\">\n\t\t\t\t\t\t\t\t\t<span class=\"elementor-button-text\">JULISTEET<\/span>\n\t\t\t\t\t<\/span>\n\t\t\t\t\t<\/a>\n\t\t\t\t<\/div>\n\t\t\t\t\t\t\t\t<\/div>\n\t\t\t\t<\/div>\n\t\t\t\t\t<\/div>\n\t\t<\/div>\n\t\t\t\t<div class=\"elementor-column elementor-col-25 elementor-top-column elementor-element elementor-element-b141b37\" data-id=\"b141b37\" data-element_type=\"column\" data-e-type=\"column\">\n\t\t\t<div class=\"elementor-widget-wrap elementor-element-populated\">\n\t\t\t\t\t\t<div class=\"elementor-element elementor-element-8a1dc83 elementor-widget elementor-widget-image\" data-id=\"8a1dc83\" data-element_type=\"widget\" data-e-type=\"widget\" data-widget_type=\"image.default\">\n\t\t\t\t<div class=\"elementor-widget-container\">\n\t\t\t\t\t\t\t\t\t\t\t\t\t\t\t\t<a href=\"https:\/\/www.jenniisotoff.fi\/index.php\/postikortit-postcards\/\">\n\t\t\t\t\t\t\t<img loading=\"lazy\" decoding=\"async\" width=\"800\" height=\"643\" src=\"https:\/\/www.jenniisotoff.fi\/wp-content\/uploads\/2023\/07\/esittelykuva-1-1-1024x823.jpg\" class=\"attachment-large size-large wp-image-269\" alt=\"\" srcset=\"https:\/\/www.jenniisotoff.fi\/wp-content\/uploads\/2023\/07\/esittelykuva-1-1-1024x823.jpg 1024w, https:\/\/www.jenniisotoff.fi\/wp-content\/uploads\/2023\/07\/esittelykuva-1-1-300x241.jpg 300w, https:\/\/www.jenniisotoff.fi\/wp-content\/uploads\/2023\/07\/esittelykuva-1-1-768x617.jpg 768w, https:\/\/www.jenniisotoff.fi\/wp-content\/uploads\/2023\/07\/esittelykuva-1-1-1536x1234.jpg 1536w, https:\/\/www.jenniisotoff.fi\/wp-content\/uploads\/2023\/07\/esittelykuva-1-1-2048x1646.jpg 2048w, https:\/\/www.jenniisotoff.fi\/wp-content\/uploads\/2023\/07\/esittelykuva-1-1-1320x1061.jpg 1320w, https:\/\/www.jenniisotoff.fi\/wp-content\/uploads\/2023\/07\/esittelykuva-1-1-600x482.jpg 600w\" sizes=\"(max-width: 800px) 100vw, 800px\" \/>\t\t\t\t\t\t\t\t<\/a>\n\t\t\t\t\t\t\t\t\t\t\t\t\t\t\t<\/div>\n\t\t\t\t<\/div>\n\t\t\t\t<div class=\"elementor-element elementor-element-1ea265f elementor-align-center elementor-widget elementor-widget-button\" data-id=\"1ea265f\" data-element_type=\"widget\" data-e-type=\"widget\" data-widget_type=\"button.default\">\n\t\t\t\t<div class=\"elementor-widget-container\">\n\t\t\t\t\t\t\t\t\t<div class=\"elementor-button-wrapper\">\n\t\t\t\t\t<a class=\"elementor-button elementor-button-link elementor-size-sm\" href=\"https:\/\/www.jenniisotoff.fi\/index.php\/postikortit-postcards\/\">\n\t\t\t\t\t\t<span class=\"elementor-button-content-wrapper\">\n\t\t\t\t\t\t\t\t\t<span class=\"elementor-button-text\">POSTIKORTIT<\/span>\n\t\t\t\t\t<\/span>\n\t\t\t\t\t<\/a>\n\t\t\t\t<\/div>\n\t\t\t\t\t\t\t\t<\/div>\n\t\t\t\t<\/div>\n\t\t\t\t\t<\/div>\n\t\t<\/div>\n\t\t\t\t<div class=\"elementor-column elementor-col-25 elementor-top-column elementor-element elementor-element-6ddb540\" data-id=\"6ddb540\" data-element_type=\"column\" data-e-type=\"column\">\n\t\t\t<div class=\"elementor-widget-wrap elementor-element-populated\">\n\t\t\t\t\t\t<div class=\"elementor-element elementor-element-312ea8b elementor-widget elementor-widget-image\" data-id=\"312ea8b\" data-element_type=\"widget\" data-e-type=\"widget\" data-widget_type=\"image.default\">\n\t\t\t\t<div class=\"elementor-widget-container\">\n\t\t\t\t\t\t\t\t\t\t\t\t\t\t\t\t<a href=\"https:\/\/www.jenniisotoff.fi\/index.php\/muut-tuotteet-other-products\/\">\n\t\t\t\t\t\t\t<img loading=\"lazy\" decoding=\"async\" width=\"800\" height=\"600\" src=\"https:\/\/www.jenniisotoff.fi\/wp-content\/uploads\/2023\/05\/muistipeli-1024x768.jpg\" class=\"attachment-large size-large wp-image-63\" alt=\"\" srcset=\"https:\/\/www.jenniisotoff.fi\/wp-content\/uploads\/2023\/05\/muistipeli-1024x768.jpg 1024w, https:\/\/www.jenniisotoff.fi\/wp-content\/uploads\/2023\/05\/muistipeli-300x225.jpg 300w, https:\/\/www.jenniisotoff.fi\/wp-content\/uploads\/2023\/05\/muistipeli-768x576.jpg 768w, https:\/\/www.jenniisotoff.fi\/wp-content\/uploads\/2023\/05\/muistipeli-1536x1152.jpg 1536w, https:\/\/www.jenniisotoff.fi\/wp-content\/uploads\/2023\/05\/muistipeli-2048x1536.jpg 2048w\" sizes=\"(max-width: 800px) 100vw, 800px\" \/>\t\t\t\t\t\t\t\t<\/a>\n\t\t\t\t\t\t\t\t\t\t\t\t\t\t\t<\/div>\n\t\t\t\t<\/div>\n\t\t\t\t<div class=\"elementor-element elementor-element-a24b616 elementor-align-center elementor-widget elementor-widget-button\" data-id=\"a24b616\" data-element_type=\"widget\" data-e-type=\"widget\" data-widget_type=\"button.default\">\n\t\t\t\t<div class=\"elementor-widget-container\">\n\t\t\t\t\t\t\t\t\t<div class=\"elementor-button-wrapper\">\n\t\t\t\t\t<a class=\"elementor-button elementor-button-link elementor-size-sm\" href=\"https:\/\/www.jenniisotoff.fi\/index.php\/muut-tuotteet-other-products\/\">\n\t\t\t\t\t\t<span class=\"elementor-button-content-wrapper\">\n\t\t\t\t\t\t\t\t\t<span class=\"elementor-button-text\">MUUT TUOTTEET<\/span>\n\t\t\t\t\t<\/span>\n\t\t\t\t\t<\/a>\n\t\t\t\t<\/div>\n\t\t\t\t\t\t\t\t<\/div>\n\t\t\t\t<\/div>\n\t\t\t\t\t<\/div>\n\t\t<\/div>\n\t\t\t\t\t<\/div>\n\t\t<\/section>\n\t\t\t\t<\/div>\n\t\t","protected":false},"excerpt":{"rendered":"<p>HEI SINULLE! OLEN JENNI JA INSPIROIDUN V\u00c4REIST\u00c4 JA YMP\u00c4RIST\u00d6ST\u00c4. KUVITUSTYYLINI ON LEIKKIS\u00c4\u00c4 JA V\u00c4RIKYLL\u00c4IST\u00c4. KIRJOITAN SEK\u00c4 KUVITAN LASTENKIRJOJA JA T\u00c4M\u00c4 ANTAA MAHDOLLISUUDEN SUKELTAA TODELLISUUDEN LEIKKISEMM\u00c4LLE PUOLELLE. OLEN VALMISTUNUT KUVATAITEILIJAKSI JA RATKAISUKESKEISEKSI TAIDETERAPEUTIKSI &#8211; JA JOKA P\u00c4IV\u00c4 PYRIN L\u00d6YT\u00c4M\u00c4\u00c4N JOTAIN UUTTA, JOKA SYK\u00c4HDYTT\u00c4\u00c4. INSPIROIDU SIVUILLANI JA OLLAAN YHTEYDESS\u00c4! KIRJAT JULISTEET POSTIKORTIT MUUT TUOTTEET<\/p>\n","protected":false},"author":1,"featured_media":0,"parent":0,"menu_order":0,"comment_status":"closed","ping_status":"closed","template":"elementor_header_footer","meta":{"footnotes":""},"class_list":["post-5","page","type-page","status-publish","hentry"],"jetpack_sharing_enabled":true,"_links":{"self":[{"href":"https:\/\/www.jenniisotoff.fi\/index.php\/wp-json\/wp\/v2\/pages\/5","targetHints":{"allow":["GET"]}}],"collection":[{"href":"https:\/\/www.jenniisotoff.fi\/index.php\/wp-json\/wp\/v2\/pages"}],"about":[{"href":"https:\/\/www.jenniisotoff.fi\/index.php\/wp-json\/wp\/v2\/types\/page"}],"author":[{"embeddable":true,"href":"https:\/\/www.jenniisotoff.fi\/index.php\/wp-json\/wp\/v2\/users\/1"}],"replies":[{"embeddable":true,"href":"https:\/\/www.jenniisotoff.fi\/index.php\/wp-json\/wp\/v2\/comments?post=5"}],"version-history":[{"count":41,"href":"https:\/\/www.jenniisotoff.fi\/index.php\/wp-json\/wp\/v2\/pages\/5\/revisions"}],"predecessor-version":[{"id":700,"href":"https:\/\/www.jenniisotoff.fi\/index.php\/wp-json\/wp\/v2\/pages\/5\/revisions\/700"}],"wp:attachment":[{"href":"https:\/\/www.jenniisotoff.fi\/index.php\/wp-json\/wp\/v2\/media?parent=5"}],"curies":[{"name":"wp","href":"https:\/\/api.w.org\/{rel}","templated":true}]}}